{"id":747,"date":"2020-04-22T23:12:47","date_gmt":"2020-04-23T04:12:47","guid":{"rendered":"https:\/\/shalavirtual.com\/yuriria\/?page_id=747"},"modified":"2025-09-01T14:01:26","modified_gmt":"2025-09-01T20:01:26","slug":"registro","status":"publish","type":"page","link":"https:\/\/shalavirtual.com\/sersaludable\/registro\/","title":{"rendered":"Inscr\u00edbete al curso:"},"content":{"rendered":"\n<h1 class=\"wp-block-heading has-text-align-center has-vivid-green-cyan-color has-text-color has-link-color has-large-font-size wp-elements-c204261e8b81ef3c2d892f847fc98b12\">ALIMENTANDO TU ALMA CON INTUICI\u00d3N<\/h1>\n\n\n\n<h4 class=\"wp-block-heading has-text-align-center has-vivid-green-cyan-color has-text-color has-link-color has-large-font-size wp-elements-96389029ff424dcb1bdef857a38091bb\">Alimentaci\u00f3n Consciente<\/h4>\n\n\n\n<p class=\"has-text-align-center has-large-font-size\"><strong>Una experiencia de 3 meses de crecimiento interno que combina Nutrici\u00f3n, Yoga y Meditaci\u00f3n.<\/strong><\/p>\n\n\n<div class=\"wp-block-image\">\n<figure class=\"aligncenter size-large\"><a href=\"https:\/\/shalavirtual.com\/sersaludable\/wp-content\/uploads\/2025\/08\/Alimentando-tu-alma-con-intuicion-Poster.jpg\"><img loading=\"lazy\" decoding=\"async\" width=\"683\" height=\"1024\" src=\"https:\/\/shalavirtual.com\/sersaludable\/wp-content\/uploads\/2025\/08\/Alimentando-tu-alma-con-intuicion-Poster-683x1024.jpg\" alt=\"\" class=\"wp-image-2024\" srcset=\"https:\/\/shalavirtual.com\/sersaludable\/wp-content\/uploads\/2025\/08\/Alimentando-tu-alma-con-intuicion-Poster-683x1024.jpg 683w, https:\/\/shalavirtual.com\/sersaludable\/wp-content\/uploads\/2025\/08\/Alimentando-tu-alma-con-intuicion-Poster-200x300.jpg 200w, https:\/\/shalavirtual.com\/sersaludable\/wp-content\/uploads\/2025\/08\/Alimentando-tu-alma-con-intuicion-Poster-768x1152.jpg 768w, https:\/\/shalavirtual.com\/sersaludable\/wp-content\/uploads\/2025\/08\/Alimentando-tu-alma-con-intuicion-Poster-1024x1536.jpg 1024w, https:\/\/shalavirtual.com\/sersaludable\/wp-content\/uploads\/2025\/08\/Alimentando-tu-alma-con-intuicion-Poster.jpg 1067w\" sizes=\"auto, (max-width: 683px) 100vw, 683px\" \/><\/a><\/figure>\n<\/div>\n\n<script>\n                            if (window.qmn_quiz_data === undefined) {\n                                    window.qmn_quiz_data = new Object();\n                            }\n                    <\/script><script>window.qmn_quiz_data[\"3\"] = {\"quiz_id\":\"3\",\"quiz_name\":\"Curso Alimentaci\\u00f3n Conciente\",\"disable_answer\":0,\"ajax_show_correct\":0,\"progress_bar\":\"0\",\"contact_info_location\":\"0\",\"qpages\":{\"1\":{\"id\":\"1\",\"quizID\":\"3\",\"pagekey\":\"z2gFpVMt\",\"hide_prevbtn\":\"0\"}},\"skip_validation_time_expire\":0,\"timer_limit_val\":\"0\",\"disable_scroll_next_previous_click\":0,\"disable_scroll_on_result\":0,\"disable_first_page\":\"0\",\"enable_result_after_timer_end\":0,\"enable_quick_result_mc\":0,\"end_quiz_if_wrong\":0,\"form_disable_autofill\":0,\"disable_mathjax\":0,\"enable_quick_correct_answer_info\":0,\"quick_result_correct_answer_text\":\"Correct! You have selected correct answer.\",\"quick_result_wrong_answer_text\":\"Wrong! You have selected wrong answer.\",\"quiz_processing_message\":\"\",\"quiz_limit_choice\":\"Se ha alcanzado el l\\u00edmite de opciones\",\"not_allow_after_expired_time\":0,\"scheduled_time_end\":false,\"prevent_reload\":0,\"limit_email_based_submission\":0,\"total_user_tries\":0,\"is_logged_in\":false,\"error_messages\":{\"email_error_text\":\"E-mail no v\\u00e1lido!!\",\"number_error_text\":\"Este campo debe ser n\\u00famerico!\",\"incorrect_error_text\":\"El texto introducido no es correcto!\",\"empty_error_text\":\"Por favor, complete todas los campos obligatorios!\",\"contact_field_required_error_text\":\"Por favor, complete todas los campos obligatorios!\",\"url_error_text\":\"The entered URL is not valid!\",\"minlength_error_text\":\"Required atleast %minlength% characters.\",\"maxlength_error_text\":\"Maximum %maxlength% characters allowed.\",\"recaptcha_error_text\":\"ReCaptcha is missing\",\"phone_error_text\":\"Phone number is invalid\"},\"first_page\":false,\"questions_settings\":[]}\n                    <\/script>\t\t<div class='qsm-quiz-container qsm-quiz-container-3 qmn_quiz_container mlw_qmn_quiz  quiz_theme_default  '>\n\t\t\t\t\t\t\t\t<form name=\"quizForm3\" id=\"quizForm3\" action=\"\/sersaludable\/wp-json\/wp\/v2\/pages\/747\" method=\"POST\" class=\"qsm-quiz-form qmn_quiz_form mlw_quiz_form\" novalidate enctype=\"multipart\/form-data\">\n\t\t\t\t<input type=\"hidden\" name=\"qsm_hidden_questions\" id=\"qsm_hidden_questions\" value=\"\">\n\t\t\t\t<input type=\"hidden\" name=\"qsm_nonce\" id=\"qsm_nonce_3\" value=\"96da8ef4c9\">\n\t\t\t\t<input type=\"hidden\" name=\"qsm_unique_key\" id=\"qsm_unique_key_3\" value=\"6a03073211f48\">\n\t\t\t\t<div id=\"mlw_error_message\" class=\"qsm-error-message qmn_error_message_section\"><\/div>\n\t\t\t\t<span id=\"mlw_top_of_quiz\"><\/span>\n\t\t\t\t\t\t\t<section class=\"qsm-page \">\n\t\t\t\t\t\t\t\t<div class=\"quiz_section quiz_begin\">\n\t\t\t\t\t\t<div class='qsm-before-message mlw_qmn_message_before'>\n\t\t\t\t\t\t\t\t\t\t<\/div>\n\t\t\t\t\t\t\t\t\t<div class=\"qsm_contact_div qsm-contact-type-text\">\n\t\t\t\t\t\t\t\t\t\t\t<span class='mlw_qmn_question qsm_question'><label for=\"contact_field_0\">Nombre<\/label><\/span>\n\t\t\t\t\t\t\t\t<input type='text' class=''  name='contact_field_0' id='contact_field_0'  value=''  placeholder='Nombre'  \/>\n\t\t\t\t\t\t\t\t\t<\/div>\n\t\t\t\t\t\t\t\t\t\t<div class=\"qsm_contact_div qsm-contact-type-email\">\n\t\t\t\t\t\t\t\t\t\t\t<span class='mlw_qmn_question qsm_question'><label for=\"contact_field_1\">Correo elecr\u00f3nico<\/label><\/span>\n\t\t\t\t\t\t\t\t<input type='email' class='mlwEmail '  name='contact_field_1' id='contact_field_1'  value=''  placeholder='Correo elecr\u00f3nico'  \/>\n\t\t\t\t\t\t\t\t\t<\/div>\n\t\t\t\t\t\t\t\t\t\t<div class=\"qsm_contact_div qsm-contact-type-text\">\n\t\t\t\t\t\t\t\t\t\t\t<span class='mlw_qmn_question qsm_question'><label for=\"contact_field_3\">Tel\u00e9fono<\/label><\/span>\n\t\t\t\t\t\t\t\t<input type='text' class='mlwPhoneNumber'  name='contact_field_3' id='contact_field_3'  value=''  onkeydown='return event.keyCode !== 69'  placeholder='Tel\u00e9fono'  \/>\n\t\t\t\t\t\t\t\t\t<\/div>\n\t\t\t\t\t\t\t\t\t\t<div class=\"qsm_contact_div qsm-contact-type-text\">\n\t\t\t\t\t\t\t\t\t\t\t<span class='mlw_qmn_question qsm_question'><label for=\"contact_field_4\">Usas Whatsapp?<\/label><\/span>\n\t\t\t\t\t\t\t\t<input type='text' class=''  name='contact_field_4' id='contact_field_4'  value=''  placeholder='Usas Whatsapp?'  \/>\n\t\t\t\t\t\t\t\t\t<\/div>\n\t\t\t\t\t\t\t\t\t\t<\/div>\n\t\t\t\t\t\t\t\t\t<div class=\"quiz_section qsm-question-wrapper question-type-0 question-section-id-10 \" data-qid=\"10\">\n\t\t\t\t\t\t<div class='mlw_qmn_new_question'>Sobre el curso de Alimentaci\u00f3n Consciente, me interesa: <\/div>\n\t\t\t<div class='mlw_qmn_question  qsm_remove_bold' >\n\t\t<p><\/p>\n\t<\/div>\n\t\t<fieldset>\n\t\t<legend><\/legend>\n\t<div class='qmn_radio_answers '>\n\t\t\t\t\t\t\t\t<div class=\"qmn_mc_answer_wrap  mrq_checkbox_class\" id=\"question10-1 \">\n\t\t\t\t\t\t\t\t\t\t\t<input type='radio' class='qmn_quiz_radio qmn-multiple-choice-input ' name=\"question10\" id=\"question10_1\" value=\"0\" \/>\n\t\t\t\t\t<label class=\"qsm-input-label\" for=\"question10_1\">\n\t\t\t\t\tM\u00e1s informaci\u00f3n\t\t\t\t\t<\/label>\n\t\t\t\t\t \t\t\t\t<\/div>\n\t\t\t\t\t\t\t\t\t\t\t<div class=\"qmn_mc_answer_wrap  mrq_checkbox_class\" id=\"question10-2 \">\n\t\t\t\t\t\t\t\t\t\t\t<input type='radio' class='qmn_quiz_radio qmn-multiple-choice-input ' name=\"question10\" id=\"question10_2\" value=\"1\" \/>\n\t\t\t\t\t<label class=\"qsm-input-label\" for=\"question10_2\">\n\t\t\t\t\tInscribirme al curso\t\t\t\t\t<\/label>\n\t\t\t\t\t \t\t\t\t<\/div>\n\t\t\t\t\t \t\t\t<label style=\"display: none !important;\" for=\"question10_none\">Ninguna<\/label>\n\t\t\t<input type=\"radio\" style=\"display: none;\" name=\"question10\" id=\"question10_none\" checked=\"checked\" value=\"\" \/>\n\t\t\t\t<\/div>\n\t<\/fieldset>\n\t<input type=\"hidden\" name=\"answer_limit_keys_10\" value=\"\" \/>\n\t\t\t\t\t\t<\/div>\n\t\t\t\t\t\t\t\t\t<div class=\"quiz_section qsm-question-wrapper question-type-3 question-section-id-11 \" data-qid=\"11\">\n\t\t\t\t\t\t<div class='mlw_qmn_new_question'><label class=\"qsm-question-title-label\" for=\"question11\">Introduce tu nombre: <\/label><\/div>\n\t\t\t<div class='mlw_qmn_question  qsm_remove_bold' >\n\t\t<p><\/p>\n\t<\/div>\n\t\t<input  type=\"text\" class=\"mlw_answer_open_text \" id=\"question11\" name=\"question11\"   Placeholder=\"\" \/>\n\t\t\t\t\t\t<\/div>\n\t\t\t\t\t\t\t\t\t<div class=\"quiz_section qsm-question-wrapper question-type-3 question-section-id-12 \" data-qid=\"12\">\n\t\t\t\t\t\t<div class='mlw_qmn_new_question'><label class=\"qsm-question-title-label\" for=\"question12\">Tu correo electr\u00f3nico: <\/label><\/div>\n\t\t\t<div class='mlw_qmn_question  qsm_remove_bold' >\n\t\t<p><\/p>\n\t<\/div>\n\t\t<input  type=\"text\" class=\"mlw_answer_open_text \" id=\"question12\" name=\"question12\"   Placeholder=\"\" \/>\n\t\t\t\t\t\t<\/div>\n\t\t\t\t\t\t\t\t\t<div class=\"quiz_section qsm-question-wrapper question-type-3 question-section-id-13 \" data-qid=\"13\">\n\t\t\t\t\t\t<div class='mlw_qmn_new_question'><label class=\"qsm-question-title-label\" for=\"question13\">Y tu tel\u00e9fono: <\/label><\/div>\n\t\t\t<div class='mlw_qmn_question  qsm_remove_bold' >\n\t\t<p><\/p>\n\t<\/div>\n\t\t<input  type=\"text\" class=\"mlw_answer_open_text \" id=\"question13\" name=\"question13\"   Placeholder=\"\" \/>\n\t\t\t\t\t\t<\/div>\n\t\t\t\t\t\t\t\t\t<div class=\"quiz_section qsm-question-wrapper question-type-0 question-section-id-14 \" data-qid=\"14\">\n\t\t\t\t\t\t<div class='mlw_qmn_new_question'>\u00bfUsas Whatsapp? <\/div>\n\t\t\t<div class='mlw_qmn_question  qsm_remove_bold' >\n\t\t<p><\/p>\n\t<\/div>\n\t\t<fieldset>\n\t\t<legend><\/legend>\n\t<div class='qmn_radio_answers '>\n\t\t\t\t\t\t\t\t<div class=\"qmn_mc_answer_wrap  mrq_checkbox_class\" id=\"question14-1 \">\n\t\t\t\t\t\t\t\t\t\t\t<input type='radio' class='qmn_quiz_radio qmn-multiple-choice-input ' name=\"question14\" id=\"question14_1\" value=\"0\" \/>\n\t\t\t\t\t<label class=\"qsm-input-label\" for=\"question14_1\">\n\t\t\t\t\tSi\t\t\t\t\t<\/label>\n\t\t\t\t\t \t\t\t\t<\/div>\n\t\t\t\t\t\t\t\t\t\t\t<div class=\"qmn_mc_answer_wrap  mrq_checkbox_class\" id=\"question14-2 \">\n\t\t\t\t\t\t\t\t\t\t\t<input type='radio' class='qmn_quiz_radio qmn-multiple-choice-input ' name=\"question14\" id=\"question14_2\" value=\"1\" \/>\n\t\t\t\t\t<label class=\"qsm-input-label\" for=\"question14_2\">\n\t\t\t\t\tNo\t\t\t\t\t<\/label>\n\t\t\t\t\t \t\t\t\t<\/div>\n\t\t\t\t\t \t\t\t<label style=\"display: none !important;\" for=\"question14_none\">Ninguna<\/label>\n\t\t\t<input type=\"radio\" style=\"display: none;\" name=\"question14\" id=\"question14_none\" checked=\"checked\" value=\"\" \/>\n\t\t\t\t<\/div>\n\t<\/fieldset>\n\t<input type=\"hidden\" name=\"answer_limit_keys_14\" value=\"\" \/>\n\t\t\t\t\t\t<\/div>\n\t\t\t\t\t\t\t<\/section>\n\t\t\t\t\t<input type=\"hidden\" name=\"qmn_question_list\" value=\"10Q11Q12Q13Q14Q\" \/>\n\t\t\t\t\t\t\t<div id=\"mlw_error_message_bottom\" class=\"qsm-error-message qmn_error_message_section\"><\/div>\n\t\t\t\t\t<input type=\"hidden\" name=\"qmn_all_questions_count\" id=\"qmn_all_questions_count\" value=\"5\" \/>\n\t\t\t\t\t<input type=\"hidden\" name=\"total_questions\" id=\"total_questions\" value=\"5\" \/>\n\t\t\t\t\t<input type=\"hidden\" name=\"timer\" id=\"timer\" value=\"0\" \/>\n\t\t\t\t\t<input type=\"hidden\" name=\"timer_ms\" id=\"timer_ms\" value=\"0\"\/>\n\t\t\t\t\t<input type=\"hidden\" class=\"qmn_quiz_id\" name=\"qmn_quiz_id\" id=\"qmn_quiz_id\" value=\"3\" \/>\n\t\t\t\t\t<input type='hidden' name='complete_quiz' value='confirmation' \/>\n\t\t\t\t\t\t\t\t\t<\/form>\n\t\t\t\t\t\t<\/div>\n\t\t<div style=\"display: none;\" class=\"qsm-popup qsm-popup-slide\" id=\"modal-4\" aria-hidden=\"false\"><div class=\"qsm-popup__overlay\" tabindex=\"-1\" data-micromodal-close=\"\"><div class=\"qsm-popup__container qmn_quiz_container\" role=\"dialog\" aria-modal=\"true\"><div class=\"qsm-popup__content\"><img decoding=\"async\" src=\"https:\/\/shalavirtual.com\/sersaludable\/wp-content\/plugins\/quiz-master-next\/assets\/clock.png\" alt=\"clock.png\"\/><p class=\"qsm-time-up-text\"> Time's up<\/p><\/div><footer class=\"qsm-popup__footer\"><button class=\"qsm-popup-secondary-button qmn_btn\" data-micromodal-close=\"\" aria-label=\"Close this dialog window\" onclick=\"location.reload();\">Cancelar<\/button><\/footer><\/div><\/div><\/div>\n\n\n<div class=\"wp-block-image\">\n<figure class=\"aligncenter size-large\"><a href=\"https:\/\/shalavirtual.com\/sersaludable\/wp-content\/uploads\/2025\/09\/Alimenta-tu-alma.jpg\"><img loading=\"lazy\" decoding=\"async\" width=\"1024\" height=\"576\" src=\"https:\/\/shalavirtual.com\/sersaludable\/wp-content\/uploads\/2025\/09\/Alimenta-tu-alma-1024x576.jpg\" alt=\"\" class=\"wp-image-2027\" srcset=\"https:\/\/shalavirtual.com\/sersaludable\/wp-content\/uploads\/2025\/09\/Alimenta-tu-alma-1024x576.jpg 1024w, https:\/\/shalavirtual.com\/sersaludable\/wp-content\/uploads\/2025\/09\/Alimenta-tu-alma-300x169.jpg 300w, https:\/\/shalavirtual.com\/sersaludable\/wp-content\/uploads\/2025\/09\/Alimenta-tu-alma-768x432.jpg 768w, https:\/\/shalavirtual.com\/sersaludable\/wp-content\/uploads\/2025\/09\/Alimenta-tu-alma.jpg 1280w\" sizes=\"auto, (max-width: 706px) 89vw, (max-width: 767px) 82vw, 740px\" \/><\/a><\/figure>\n<\/div>\n\n\n<div style=\"height:295px\" aria-hidden=\"true\" class=\"wp-block-spacer\"><\/div>\n\n\n\n<p>Si ya te inscribiste, ingresa con tu nombre de usuario y contrase\u00f1a:<\/p>\n\n\n    <form action=\"\" method=\"post\" class=\"loginForm wp_emember_loginForm\" name=\"wp_emember_loginForm\" id=\"wp_emember_loginForm\" >\n        <input type=\"hidden\" id=\"_wpnonce\" name=\"_wpnonce\" value=\"30869d4e36\" \/><input type=\"hidden\" name=\"_wp_http_referer\" value=\"\/sersaludable\/wp-json\/wp\/v2\/pages\/747\" \/>        <table width=\"95%\" border=\"0\" cellpadding=\"3\" cellspacing=\"5\" class=\"forms\">\n            <tr>\n                <td colspan=\"2\"><label for=\"login_user_name\" class=\"eMember_label\">Nombre de usuario<\/label><\/td>\n            <\/tr>\n            <tr>\n                <td colspan=\"2\"><input class=\"eMember_text_input\" type=\"text\" id=\"login_user_name\" name=\"login_user_name\" size=\"15\" value=\"\" \/><\/td>\n            <\/tr>\n            <tr>\n                <td colspan=\"2\"><label for=\"login_pwd\" class=\"eMember_label\">Contrase&ntilde;a<\/label><\/td>\n            <\/tr>\n            <tr>\n                <td colspan=\"2\"><input class=\"eMember_text_input\" type=\"password\" id=\"login_pwd\" name=\"login_pwd\" size=\"15\" value=\"\" \/><\/td>\n            <\/tr>\n            <tr>\n                <td colspan=\"2\">\n                                    <\/td>\n            <\/tr>\n                        <tr>\n                <td colspan=\"2\">\n                    <input type=\"hidden\" value=\"1\" name=\"testcookie\" \/>\n                    <input name=\"doLogin\" type=\"submit\" id=\"doLogin\" class=\"eMember_button emember_login_submit\" value=\"Ingresa al area de miembros\" \/>\n                <\/td>\n            <\/tr>\n            <tr>\n                <td colspan=\"2\">\n                                            <a id=\"forgot_pass\" href=\"https:\/\/shalavirtual.com\/sersaludable\/password-reset\/\">&iquest;Olvidaste la contrase&ntilde;a?<\/a>\n                                    <\/td>\n            <\/tr>\n            <tr>\n                <td colspan=\"2\"><a id=\"register\" class=\"register_link\" href=\"https:\/\/shalavirtual.com\/sersaludable\/elije-tu-membresia\/\">&Uacute;nete a nosotros<\/a><\/td>\n            <\/tr>\n            <tr>\n                <td colspan=\"2\"><span class=\"emember_error\">  <\/span><\/td>\n            <\/tr>\n        <\/table>\n    <\/form>\n    \n ","protected":false},"excerpt":{"rendered":"<p>ALIMENTANDO TU ALMA CON INTUICI\u00d3N Alimentaci\u00f3n Consciente Una experiencia de 3 meses de crecimiento interno que combina Nutrici\u00f3n, Yoga y Meditaci\u00f3n. Si ya te inscribiste, ingresa con tu nombre de usuario y contrase\u00f1a:<\/p>\n","protected":false},"author":1,"featured_media":0,"parent":0,"menu_order":0,"comment_status":"closed","ping_status":"closed","template":"","meta":{"footnotes":""},"class_list":["post-747","page","type-page","status-publish","hentry"],"_links":{"self":[{"href":"https:\/\/shalavirtual.com\/sersaludable\/wp-json\/wp\/v2\/pages\/747","targetHints":{"allow":["GET"]}}],"collection":[{"href":"https:\/\/shalavirtual.com\/sersaludable\/wp-json\/wp\/v2\/pages"}],"about":[{"href":"https:\/\/shalavirtual.com\/sersaludable\/wp-json\/wp\/v2\/types\/page"}],"author":[{"embeddable":true,"href":"https:\/\/shalavirtual.com\/sersaludable\/wp-json\/wp\/v2\/users\/1"}],"replies":[{"embeddable":true,"href":"https:\/\/shalavirtual.com\/sersaludable\/wp-json\/wp\/v2\/comments?post=747"}],"version-history":[{"count":31,"href":"https:\/\/shalavirtual.com\/sersaludable\/wp-json\/wp\/v2\/pages\/747\/revisions"}],"predecessor-version":[{"id":2028,"href":"https:\/\/shalavirtual.com\/sersaludable\/wp-json\/wp\/v2\/pages\/747\/revisions\/2028"}],"wp:attachment":[{"href":"https:\/\/shalavirtual.com\/sersaludable\/wp-json\/wp\/v2\/media?parent=747"}],"curies":[{"name":"wp","href":"https:\/\/api.w.org\/{rel}","templated":true}]}}