{"id":456,"date":"2020-03-17T22:48:52","date_gmt":"2020-03-18T02:48:52","guid":{"rendered":"http:\/\/arturogarciaolivera.com\/canada\/member-login\/"},"modified":"2021-01-12T21:35:01","modified_gmt":"2021-01-13T03:35:01","slug":"member-login","status":"publish","type":"page","link":"https:\/\/shalavirtual.com\/sersaludable\/member-login\/","title":{"rendered":"Acceso a tu membres\u00eda:"},"content":{"rendered":"    <form action=\"\" method=\"post\" class=\"loginForm wp_emember_loginForm\" name=\"wp_emember_loginForm\" id=\"wp_emember_loginForm\" >\n        <input type=\"hidden\" id=\"_wpnonce\" name=\"_wpnonce\" value=\"30869d4e36\" \/><input type=\"hidden\" name=\"_wp_http_referer\" value=\"\/sersaludable\/wp-json\/wp\/v2\/pages\/456\" \/>        <table width=\"95%\" border=\"0\" cellpadding=\"3\" cellspacing=\"5\" class=\"forms\">\n            <tr>\n                <td colspan=\"2\"><label for=\"login_user_name\" class=\"eMember_label\">Nombre de usuario<\/label><\/td>\n            <\/tr>\n            <tr>\n                <td colspan=\"2\"><input class=\"eMember_text_input\" type=\"text\" id=\"login_user_name\" name=\"login_user_name\" size=\"15\" value=\"\" \/><\/td>\n            <\/tr>\n            <tr>\n                <td colspan=\"2\"><label for=\"login_pwd\" class=\"eMember_label\">Contrase&ntilde;a<\/label><\/td>\n            <\/tr>\n            <tr>\n                <td colspan=\"2\"><input class=\"eMember_text_input\" type=\"password\" id=\"login_pwd\" name=\"login_pwd\" size=\"15\" value=\"\" \/><\/td>\n            <\/tr>\n            <tr>\n                <td colspan=\"2\">\n                                    <\/td>\n            <\/tr>\n                        <tr>\n                <td colspan=\"2\">\n                    <input type=\"hidden\" value=\"1\" name=\"testcookie\" \/>\n                    <input name=\"doLogin\" type=\"submit\" id=\"doLogin\" class=\"eMember_button emember_login_submit\" value=\"Ingresa al area de miembros\" \/>\n                <\/td>\n            <\/tr>\n            <tr>\n                <td colspan=\"2\">\n                                            <a id=\"forgot_pass\" href=\"https:\/\/shalavirtual.com\/sersaludable\/password-reset\/\">&iquest;Olvidaste la contrase&ntilde;a?<\/a>\n                                    <\/td>\n            <\/tr>\n            <tr>\n                <td colspan=\"2\"><a id=\"register\" class=\"register_link\" href=\"https:\/\/shalavirtual.com\/sersaludable\/elije-tu-membresia\/\">&Uacute;nete a nosotros<\/a><\/td>\n            <\/tr>\n            <tr>\n                <td colspan=\"2\"><span class=\"emember_error\">  <\/span><\/td>\n            <\/tr>\n        <\/table>\n    <\/form>\n    \n<p>Si por alguna raz\u00f3n tienes problema para entrar a los videos de esta semana, prueba [<a href=\"https:\/\/shalavirtual.com\/sersaludable\/member-login\/?emember_logout=true\">Cerrar sesi\u00f3n<\/a>] y\u00a0 vuelve a entrar con tu nombre de usuario y contrase\u00f1a en la opci\u00f3n [<a href=\"https:\/\/shalavirtual.com\/sersaludable\/member-login\/\">Acceso a tu membres\u00eda<\/a>].<\/p>\n\n\n<p><\/p>\n ","protected":false},"excerpt":{"rendered":"<p>Si por alguna raz\u00f3n tienes problema para entrar a los videos de esta semana, prueba [Cerrar sesi\u00f3n] y\u00a0 vuelve a entrar con tu nombre de usuario y contrase\u00f1a en la opci\u00f3n [Acceso a tu membres\u00eda].<\/p>\n","protected":false},"author":1,"featured_media":0,"parent":0,"menu_order":0,"comment_status":"closed","ping_status":"closed","template":"","meta":{"footnotes":""},"class_list":["post-456","page","type-page","status-publish","hentry"],"_links":{"self":[{"href":"https:\/\/shalavirtual.com\/sersaludable\/wp-json\/wp\/v2\/pages\/456","targetHints":{"allow":["GET"]}}],"collection":[{"href":"https:\/\/shalavirtual.com\/sersaludable\/wp-json\/wp\/v2\/pages"}],"about":[{"href":"https:\/\/shalavirtual.com\/sersaludable\/wp-json\/wp\/v2\/types\/page"}],"author":[{"embeddable":true,"href":"https:\/\/shalavirtual.com\/sersaludable\/wp-json\/wp\/v2\/users\/1"}],"replies":[{"embeddable":true,"href":"https:\/\/shalavirtual.com\/sersaludable\/wp-json\/wp\/v2\/comments?post=456"}],"version-history":[{"count":5,"href":"https:\/\/shalavirtual.com\/sersaludable\/wp-json\/wp\/v2\/pages\/456\/revisions"}],"predecessor-version":[{"id":1340,"href":"https:\/\/shalavirtual.com\/sersaludable\/wp-json\/wp\/v2\/pages\/456\/revisions\/1340"}],"wp:attachment":[{"href":"https:\/\/shalavirtual.com\/sersaludable\/wp-json\/wp\/v2\/media?parent=456"}],"curies":[{"name":"wp","href":"https:\/\/api.w.org\/{rel}","templated":true}]}}