{"id":152,"date":"2020-06-01T20:00:37","date_gmt":"2020-06-01T20:00:37","guid":{"rendered":"http:\/\/shalavirtual.com\/?page_id=152"},"modified":"2026-04-05T01:25:48","modified_gmt":"2026-04-05T01:25:48","slug":"21-de-junio-apertura-de-yoga-shalavirtual-com","status":"publish","type":"page","link":"https:\/\/shalavirtual.com\/en\/","title":{"rendered":""},"content":{"rendered":"<p><\/p>\n\n\n\n<h2 class=\"wp-block-heading has-text-align-center has-white-color has-vivid-purple-background-color has-text-color has-background has-link-color has-medium-font-size wp-elements-4f01020949714d0bd6756f149aae0554\"><em>Dise\u00f1amos tu espacio virtual para transformar vidas<\/em><\/h2>\n\n\n\n<p class=\"has-medium-font-size\">Bienvenido a nuestra plataforma, donde combinamos tecnolog\u00eda y experiencia para desarrollar cursos de desarrollo personal y ayudarte a crear tu espacio digital y lanzar tu curso en l\u00ednea.<\/p>\n\n\n\n<p class=\"has-medium-font-size\">Nuestro programa de 10 etapas incluye soporte experto en an\u00e1lisis de requerimientos, dise\u00f1o web, bases de datos y dise\u00f1o gr\u00e1fico, as\u00ed como estrategias de contenido para convertir tu pasi\u00f3n en un negocio sostenible.<\/p>\n\n\n\n<p class=\"has-medium-font-size\">En Shala Virtual, te ofrecemos una gu\u00eda personalizada con instructores dedicados a tu desarrollo, combinando herramientas digitales para que lleves tu pasi\u00f3n al \u00e1mbito en l\u00ednea.<\/p>\n\n\n\n<h2 class=\"wp-block-heading has-text-align-center has-white-color has-vivid-cyan-blue-background-color has-text-color has-background has-link-color has-medium-font-size wp-elements-9d9a01a6ed4f54ae3b61f900ae1aae06\"><em>Convierte tus ideas en un negocio digital exitoso<\/em><\/h2>\n\n\n\n<p><\/p>","protected":false},"excerpt":{"rendered":"<p>Dise\u00f1amos tu espacio virtual para transformar vidas Bienvenido a nuestra plataforma, donde combinamos tecnolog\u00eda y experiencia para desarrollar cursos de desarrollo personal y ayudarte a crear tu espacio digital y lanzar tu curso en l\u00ednea. Nuestro programa de 10 etapas incluye soporte experto en an\u00e1lisis de requerimientos, dise\u00f1o web, bases de datos y dise\u00f1o gr\u00e1fico, &hellip; <\/p>\n<p class=\"link-more\"><a href=\"https:\/\/shalavirtual.com\/en\/\" class=\"more-link\">Continue reading<span class=\"screen-reader-text\"> &#8220;&#8221;<\/span><\/a><\/p>","protected":false},"author":1,"featured_media":0,"parent":0,"menu_order":0,"comment_status":"closed","ping_status":"closed","template":"","meta":{"footnotes":""},"class_list":["post-152","page","type-page","status-publish","hentry"],"jetpack_sharing_enabled":true,"_links":{"self":[{"href":"https:\/\/shalavirtual.com\/en\/wp-json\/wp\/v2\/pages\/152","targetHints":{"allow":["GET"]}}],"collection":[{"href":"https:\/\/shalavirtual.com\/en\/wp-json\/wp\/v2\/pages"}],"about":[{"href":"https:\/\/shalavirtual.com\/en\/wp-json\/wp\/v2\/types\/page"}],"author":[{"embeddable":true,"href":"https:\/\/shalavirtual.com\/en\/wp-json\/wp\/v2\/users\/1"}],"replies":[{"embeddable":true,"href":"https:\/\/shalavirtual.com\/en\/wp-json\/wp\/v2\/comments?post=152"}],"version-history":[{"count":19,"href":"https:\/\/shalavirtual.com\/en\/wp-json\/wp\/v2\/pages\/152\/revisions"}],"predecessor-version":[{"id":491,"href":"https:\/\/shalavirtual.com\/en\/wp-json\/wp\/v2\/pages\/152\/revisions\/491"}],"wp:attachment":[{"href":"https:\/\/shalavirtual.com\/en\/wp-json\/wp\/v2\/media?parent=152"}],"curies":[{"name":"wp","href":"https:\/\/api.w.org\/{rel}","templated":true}]}}